{"id":5517,"date":"2024-07-11T19:58:51","date_gmt":"2024-07-11T19:58:51","guid":{"rendered":"https:\/\/graphica.pe\/my-account\/"},"modified":"2025-11-11T04:05:07","modified_gmt":"2025-11-11T04:05:07","slug":"my-account","status":"publish","type":"page","link":"https:\/\/graphica.pe\/en\/my-account\/","title":{"rendered":"My account"},"content":{"rendered":"\t\t<div data-elementor-type=\"wp-page\" data-elementor-id=\"5517\" class=\"elementor elementor-5517 elementor-5176\" data-elementor-post-type=\"page\">\n\t\t\t\t<div class=\"elementor-element elementor-element-f26bf3d e-flex e-con-boxed e-con e-parent\" data-id=\"f26bf3d\" data-element_type=\"container\" data-e-type=\"container\" data-settings=\"{&quot;background_background&quot;:&quot;classic&quot;}\">\n\t\t\t\t\t<div class=\"e-con-inner\">\n\t\t<div class=\"elementor-element elementor-element-387bae2 e-flex e-con-boxed e-con e-child\" data-id=\"387bae2\" data-element_type=\"container\" data-e-type=\"container\">\n\t\t\t\t\t<div class=\"e-con-inner\">\n\t\t\t\t<div class=\"elementor-element elementor-element-21ac7c7 enlaceTienda elementor-widget elementor-widget-heading\" data-id=\"21ac7c7\" data-element_type=\"widget\" data-e-type=\"widget\" data-widget_type=\"heading.default\">\n\t\t\t\t<div class=\"elementor-widget-container\">\n\t\t\t\t\t<span class=\"elementor-heading-title elementor-size-default\"><a href=\"https:\/\/graphica.pe\/invitaciones-web\/\">Tienda<\/a><\/span>\t\t\t\t<\/div>\n\t\t\t\t<\/div>\n\t\t\t\t<div class=\"elementor-element elementor-element-a9d0e12 elementor-view-default elementor-widget elementor-widget-icon\" data-id=\"a9d0e12\" data-element_type=\"widget\" data-e-type=\"widget\" data-widget_type=\"icon.default\">\n\t\t\t\t<div class=\"elementor-widget-container\">\n\t\t\t\t\t\t\t<div class=\"elementor-icon-wrapper\">\n\t\t\t<div class=\"elementor-icon\">\n\t\t\t<i aria-hidden=\"true\" class=\"icon icon-Arrow---Right-2\"><\/i>\t\t\t<\/div>\n\t\t<\/div>\n\t\t\t\t\t\t<\/div>\n\t\t\t\t<\/div>\n\t\t\t\t<div class=\"elementor-element elementor-element-b931da6 pi-categoria elementor-widget elementor-widget-heading\" data-id=\"b931da6\" data-element_type=\"widget\" data-e-type=\"widget\" data-widget_type=\"heading.default\">\n\t\t\t\t<div class=\"elementor-widget-container\">\n\t\t\t\t\t<span class=\"elementor-heading-title elementor-size-default\">My account<\/span>\t\t\t\t<\/div>\n\t\t\t\t<\/div>\n\t\t\t\t\t<\/div>\n\t\t\t\t<\/div>\n\t\t<div class=\"elementor-element elementor-element-6677b4e e-flex e-con-boxed e-con e-child\" data-id=\"6677b4e\" data-element_type=\"container\" data-e-type=\"container\">\n\t\t\t\t\t<div class=\"e-con-inner\">\n\t\t\t\t<div class=\"elementor-element elementor-element-c143fe3 jedv-enabled--yes elementor-widget elementor-widget-heading\" data-id=\"c143fe3\" data-element_type=\"widget\" data-e-type=\"widget\" data-widget_type=\"heading.default\">\n\t\t\t\t<div class=\"elementor-widget-container\">\n\t\t\t\t\t<h2 class=\"elementor-heading-title elementor-size-default\">Inicia sesi\u00f3n<\/h2>\t\t\t\t<\/div>\n\t\t\t\t<\/div>\n\t\t\t\t<div class=\"elementor-element elementor-element-0e72284 elementor-widget elementor-widget-woocommerce-notices\" data-id=\"0e72284\" data-element_type=\"widget\" data-e-type=\"widget\" data-widget_type=\"woocommerce-notices.default\">\n\t\t\t\t<div class=\"elementor-widget-container\">\n\t\t\t\t\t\t\t<style>\n\t\t\t.woocommerce-notices-wrapper,\n\t\t\t.woocommerce-message,\n\t\t\t.woocommerce-error,\n\t\t\t.woocommerce-info {\n\t\t\t\tdisplay: none;\n\t\t\t}\n\t\t<\/style>\n\t\t\t\t\t<div class=\"e-woocommerce-notices-wrapper e-woocommerce-notices-wrapper-loading\">\n\t\t\t\t<div class=\"woocommerce-notices-wrapper\"><\/div>\t\t\t<\/div>\n\t\t\t\t\t\t\t<\/div>\n\t\t\t\t<\/div>\n\t\t\t\t\t<\/div>\n\t\t\t\t<\/div>\n\t\t<div class=\"elementor-element elementor-element-59c1f57 jedv-enabled--yes tab-login-registro e-flex e-con-boxed e-con e-child\" data-id=\"59c1f57\" data-element_type=\"container\" data-e-type=\"container\">\n\t\t\t\t\t<div class=\"e-con-inner\">\n\t\t<div class=\"elementor-element elementor-element-dbb85b1 e-con-full tab-login tab-lyg active tab-click e-flex e-con e-child\" data-id=\"dbb85b1\" data-element_type=\"container\" data-e-type=\"container\" data-settings=\"{&quot;background_background&quot;:&quot;classic&quot;}\" data-col=\"u-column1\">\n\t\t\t\t<div class=\"elementor-element elementor-element-87f3a19 elementor-widget elementor-widget-heading\" data-id=\"87f3a19\" data-element_type=\"widget\" data-e-type=\"widget\" data-widget_type=\"heading.default\">\n\t\t\t\t<div class=\"elementor-widget-container\">\n\t\t\t\t\t<span class=\"elementor-heading-title elementor-size-default\">Clientes registrados<\/span>\t\t\t\t<\/div>\n\t\t\t\t<\/div>\n\t\t\t\t<\/div>\n\t\t<div class=\"elementor-element elementor-element-109bb00 e-con-full tab-registro tab-lyg tab-click e-flex e-con e-child\" data-id=\"109bb00\" data-element_type=\"container\" data-e-type=\"container\" data-settings=\"{&quot;background_background&quot;:&quot;classic&quot;}\" data-col=\"u-column2\">\n\t\t\t\t<div class=\"elementor-element elementor-element-29c3d5d elementor-widget elementor-widget-heading\" data-id=\"29c3d5d\" data-element_type=\"widget\" data-e-type=\"widget\" data-widget_type=\"heading.default\">\n\t\t\t\t<div class=\"elementor-widget-container\">\n\t\t\t\t\t<span class=\"elementor-heading-title elementor-size-default\">Nuevos clientes<\/span>\t\t\t\t<\/div>\n\t\t\t\t<\/div>\n\t\t\t\t<\/div>\n\t\t\t\t\t<\/div>\n\t\t\t\t<\/div>\n\t\t\t\t<div class=\"elementor-element elementor-element-bd9c728 e-my-account-tabs-horizontal mc-contnt elementor-widget elementor-widget-woocommerce-my-account\" data-id=\"bd9c728\" data-element_type=\"widget\" data-e-type=\"widget\" data-settings=\"{&quot;forms_buttons_hover_animation&quot;:&quot;grow&quot;}\" data-botonregistro=\"Crear mi cuenta\" data-botonlogin=\"Iniciar mi sesi\u00f3n\" data-widget_type=\"woocommerce-my-account.default\">\n\t\t\t\t<div class=\"elementor-widget-container\">\n\t\t\t\t\t<div class=\"e-my-account-tab e-my-account-tab__ \">\t\t\t<div class=\"woocommerce\"><\/div>\t\t<\/div>\n\t\t\t\t\t\t<\/div>\n\t\t\t\t<\/div>\n\t\t\t\t\t<\/div>\n\t\t\t\t<\/div>\n\t\t<div class=\"elementor-element elementor-element-2017331 e-con-full e-flex e-con e-parent\" data-id=\"2017331\" data-element_type=\"container\" data-e-type=\"container\" data-settings=\"{&quot;background_background&quot;:&quot;classic&quot;}\">\n\t\t\t\t<div class=\"elementor-element elementor-element-e047414 elementor-widget elementor-widget-template\" data-id=\"e047414\" data-element_type=\"widget\" data-e-type=\"widget\" data-widget_type=\"template.default\">\n\t\t\t\t<div class=\"elementor-widget-container\">\n\t\t\t\t\t\t\t<div class=\"elementor-template\">\n\t\t\t\t\t<div data-elementor-type=\"section\" data-elementor-id=\"6584\" class=\"elementor elementor-6584 elementor-5813 elementor-5813\" data-elementor-post-type=\"elementor_library\">\n\t\t\t<div class=\"elementor-element elementor-element-dc76597 e-flex e-con-boxed e-con e-parent\" data-id=\"dc76597\" data-element_type=\"container\" data-e-type=\"container\">\n\t\t\t\t\t<div class=\"e-con-inner\">\n\t\t<div class=\"elementor-element elementor-element-c9fbcfa e-con-full e-flex e-con e-child\" data-id=\"c9fbcfa\" data-element_type=\"container\" data-e-type=\"container\">\n\t\t<div class=\"elementor-element elementor-element-d8d5819 e-con-full e-flex e-con e-child\" data-id=\"d8d5819\" data-element_type=\"container\" data-e-type=\"container\">\n\t\t\t\t<div class=\"elementor-element elementor-element-4a2558b elementor-position-inline-start elementor-view-default elementor-widget elementor-widget-icon-box\" data-id=\"4a2558b\" data-element_type=\"widget\" data-e-type=\"widget\" data-widget_type=\"icon-box.default\">\n\t\t\t\t<div class=\"elementor-widget-container\">\n\t\t\t\t\t\t\t<div class=\"elementor-icon-box-wrapper\">\n\n\t\t\t\t\t\t<div class=\"elementor-icon-box-icon\">\n\t\t\t\t<span  class=\"elementor-icon\">\n\t\t\t\t<svg xmlns=\"http:\/\/www.w3.org\/2000\/svg\" id=\"Layer_1\" data-name=\"Layer 1\" viewBox=\"0 0 24 24\"><path d=\"m18.573,2.126L12.314.051c-.203-.068-.426-.068-.629,0l-6.259,2.075c-2.05.68-3.427,2.587-3.427,4.746v5.171c0,6.563,7.005,10.577,9.152,11.65,0,0,.43.307.85.307s.791-.24.791-.24c2.16-.869,9.207-4.281,9.207-11.717v-5.171c0-2.159-1.377-4.066-3.427-4.746Zm1.427,9.917c0,6.182-6.088,9.111-7.953,9.861-1.889-.944-8.047-4.444-8.047-9.861v-5.171c0-1.295.826-2.439,2.056-2.848l5.944-1.971,5.944,1.971c1.229.408,2.056,1.553,2.056,2.848v5.171Zm-5.5-2.543c0,1.025-.617,1.906-1.5,2.291v3.209c0,.553-.447,1-1,1s-1-.447-1-1v-3.209c-.883-.386-1.5-1.266-1.5-2.291,0-1.381,1.119-2.5,2.5-2.5s2.5,1.119,2.5,2.5Z\"><\/path><\/svg>\t\t\t\t<\/span>\n\t\t\t<\/div>\n\t\t\t\n\t\t\t\t\t\t<div class=\"elementor-icon-box-content\">\n\n\t\t\t\t\t\t\t\t\t<h3 class=\"elementor-icon-box-title\">\n\t\t\t\t\t\t<span  >\n\t\t\t\t\t\t\tYour privacy is our priority\t\t\t\t\t\t<\/span>\n\t\t\t\t\t<\/h3>\n\t\t\t\t\n\t\t\t\t\t\t\t\t\t<p class=\"elementor-icon-box-description\">\n\t\t\t\t\t\tWe protect your personal data and do not use it to send spam. By purchasing here, you agree to our Terms and Conditions.\t\t\t\t\t<\/p>\n\t\t\t\t\n\t\t\t<\/div>\n\t\t\t\n\t\t<\/div>\n\t\t\t\t\t\t<\/div>\n\t\t\t\t<\/div>\n\t\t\t\t<div class=\"elementor-element elementor-element-3d2f695 enlace enlaceIcomoon cursor__show-arrow elementor-widget elementor-widget-button\" data-id=\"3d2f695\" data-element_type=\"widget\" data-e-type=\"widget\" data-widget_type=\"button.default\">\n\t\t\t\t<div class=\"elementor-widget-container\">\n\t\t\t\t\t\t\t\t\t<div class=\"elementor-button-wrapper\">\n\t\t\t\t\t<a class=\"elementor-button elementor-size-sm\" role=\"button\" id=\"abrirLegal1\">\n\t\t\t\t\t\t<span class=\"elementor-button-content-wrapper\">\n\t\t\t\t\t\t<span class=\"elementor-button-icon\">\n\t\t\t\t<svg xmlns=\"http:\/\/www.w3.org\/2000\/svg\" viewBox=\"0 0 24 24\" fill=\"currentColor\"><path d=\"M11.9995 0.499512L16.9492 5.44926L15.535 6.86347L12.9995 4.32794V9.99951H10.9995L10.9995 4.32794L8.46643 6.86099L7.05222 5.44678L11.9995 0.499512ZM10.9995 13.9995L10.9995 19.6704L8.46448 17.1353L7.05026 18.5496L12 23.4995L16.9497 18.5498L15.5355 17.1356L12.9995 19.6716V13.9995H10.9995Z\"><\/path><\/svg>\t\t\t<\/span>\n\t\t\t\t\t\t\t\t\t<span class=\"elementor-button-text\">Read details<\/span>\n\t\t\t\t\t<\/span>\n\t\t\t\t\t<\/a>\n\t\t\t\t<\/div>\n\t\t\t\t\t\t\t\t<\/div>\n\t\t\t\t<\/div>\n\t\t\t\t<\/div>\n\t\t<div class=\"elementor-element elementor-element-3788188 e-con-full e-flex e-con e-child\" data-id=\"3788188\" data-element_type=\"container\" data-e-type=\"container\">\n\t\t\t\t<div class=\"elementor-element elementor-element-23293c5 elementor-position-inline-start elementor-view-default elementor-widget elementor-widget-icon-box\" data-id=\"23293c5\" data-element_type=\"widget\" data-e-type=\"widget\" data-widget_type=\"icon-box.default\">\n\t\t\t\t<div class=\"elementor-widget-container\">\n\t\t\t\t\t\t\t<div class=\"elementor-icon-box-wrapper\">\n\n\t\t\t\t\t\t<div class=\"elementor-icon-box-icon\">\n\t\t\t\t<span  class=\"elementor-icon\">\n\t\t\t\t<svg xmlns=\"http:\/\/www.w3.org\/2000\/svg\" id=\"Layer_1\" data-name=\"Layer 1\" viewBox=\"0 0 24 24\"><path d=\"m17,10c-2.868,0-5.336,1.735-6.416,4.21-.166-.123-.361-.21-.584-.21-.552,0-1,.447-1,1v2c0,.553.448,1,1,1,.027,0,.051-.013.078-.016.481,3.394,3.398,6.016,6.922,6.016,3.86,0,7-3.141,7-7s-3.14-7-7-7Zm0,12c-2.757,0-5-2.243-5-5s2.243-5,5-5,5,2.243,5,5-2.243,5-5,5Zm3.221-6.212c.383.398.37,1.031-.029,1.414l-2.212,2.124c-.452.446-1.052.671-1.653.671s-1.204-.225-1.664-.674l-1.132-1.108c-.395-.387-.401-1.02-.015-1.414.387-.395,1.02-.401,1.414-.016l1.132,1.108c.144.141.379.142.522,0l2.223-2.134c.398-.381,1.031-.37,1.414.029Zm-10.221,7.212c0,.553-.448,1-1,1h-4c-2.757,0-5-2.243-5-5v-6c0-2.045,1.237-3.802,3-4.576v-1.424C3,3.14,6.14,0,10,0s7,3.14,7,7c0,.552-.448,1-1,1s-1-.448-1-1c0-2.757-2.243-5-5-5s-5,2.243-5,5v1h8c.552,0,1,.448,1,1s-.448,1-1,1H5c-1.654,0-3,1.346-3,3v6c0,1.654,1.346,3,3,3h4c.552,0,1,.447,1,1Z\"><\/path><\/svg>\t\t\t\t<\/span>\n\t\t\t<\/div>\n\t\t\t\n\t\t\t\t\t\t<div class=\"elementor-icon-box-content\">\n\n\t\t\t\t\t\t\t\t\t<h3 class=\"elementor-icon-box-title\">\n\t\t\t\t\t\t<span  >\n\t\t\t\t\t\t\tPay safely with izipay\t\t\t\t\t\t<\/span>\n\t\t\t\t\t<\/h3>\n\t\t\t\t\n\t\t\t\t\t\t\t\t\t<p class=\"elementor-icon-box-description\">\n\t\t\t\t\t\tSecure payments with the izipay platform (one of the most used payment platforms in the country). Learn about our Terms and Conditions.\t\t\t\t\t<\/p>\n\t\t\t\t\n\t\t\t<\/div>\n\t\t\t\n\t\t<\/div>\n\t\t\t\t\t\t<\/div>\n\t\t\t\t<\/div>\n\t\t\t\t<div class=\"elementor-element elementor-element-c48bf1a enlace enlaceIcomoon cursor__show-arrow elementor-widget elementor-widget-button\" data-id=\"c48bf1a\" data-element_type=\"widget\" data-e-type=\"widget\" data-widget_type=\"button.default\">\n\t\t\t\t<div class=\"elementor-widget-container\">\n\t\t\t\t\t\t\t\t\t<div class=\"elementor-button-wrapper\">\n\t\t\t\t\t<a class=\"elementor-button elementor-size-sm\" role=\"button\" id=\"abrirLegal2\">\n\t\t\t\t\t\t<span class=\"elementor-button-content-wrapper\">\n\t\t\t\t\t\t<span class=\"elementor-button-icon\">\n\t\t\t\t<svg xmlns=\"http:\/\/www.w3.org\/2000\/svg\" viewBox=\"0 0 24 24\" fill=\"currentColor\"><path d=\"M11.9995 0.499512L16.9492 5.44926L15.535 6.86347L12.9995 4.32794V9.99951H10.9995L10.9995 4.32794L8.46643 6.86099L7.05222 5.44678L11.9995 0.499512ZM10.9995 13.9995L10.9995 19.6704L8.46448 17.1353L7.05026 18.5496L12 23.4995L16.9497 18.5498L15.5355 17.1356L12.9995 19.6716V13.9995H10.9995Z\"><\/path><\/svg>\t\t\t<\/span>\n\t\t\t\t\t\t\t\t\t<span class=\"elementor-button-text\">Read details<\/span>\n\t\t\t\t\t<\/span>\n\t\t\t\t\t<\/a>\n\t\t\t\t<\/div>\n\t\t\t\t\t\t\t\t<\/div>\n\t\t\t\t<\/div>\n\t\t\t\t<\/div>\n\t\t<div class=\"elementor-element elementor-element-6e51531 e-con-full e-flex e-con e-child\" data-id=\"6e51531\" data-element_type=\"container\" data-e-type=\"container\">\n\t\t\t\t<div class=\"elementor-element elementor-element-c7919ed elementor-position-inline-start elementor-view-default elementor-widget elementor-widget-icon-box\" data-id=\"c7919ed\" data-element_type=\"widget\" data-e-type=\"widget\" data-widget_type=\"icon-box.default\">\n\t\t\t\t<div class=\"elementor-widget-container\">\n\t\t\t\t\t\t\t<div class=\"elementor-icon-box-wrapper\">\n\n\t\t\t\t\t\t<div class=\"elementor-icon-box-icon\">\n\t\t\t\t<span  class=\"elementor-icon\">\n\t\t\t\t<svg xmlns=\"http:\/\/www.w3.org\/2000\/svg\" id=\"Layer_1\" data-name=\"Layer 1\" viewBox=\"0 0 24 24\"><path d=\"m22,12h2c0,6.617-5.383,12-12,12-4.055,0-7.794-2.058-9.995-5.368l-.005,2.368H0v-3.991c0-1.107.901-2.009,2.008-2.009h3.992v2h-2.637c1.776,3.06,5.052,5,8.637,5,5.514,0,10-4.486,10-10Zm0-9l-.005,2.353C19.806,2.04,16.106,0,12,0,5.383,0,0,5.383,0,12h2C2,6.486,6.486,2,12,2c3.64,0,6.9,1.921,8.666,5h-2.666v2h3.991c1.107,0,2.009-.901,2.009-2.009v-3.991h-2Zm-5,14H7v-7.5c0-1.379,1.122-2.5,2.5-2.5h5c1.379,0,2.5,1.121,2.5,2.5v7.5Zm-2-7.5c0-.275-.225-.5-.5-.5h-5c-.276,0-.5.225-.5.5v5.5h6v-5.5Zm-4.5,2.5h3v-2h-3v2Z\"><\/path><\/svg>\t\t\t\t<\/span>\n\t\t\t<\/div>\n\t\t\t\n\t\t\t\t\t\t<div class=\"elementor-icon-box-content\">\n\n\t\t\t\t\t\t\t\t\t<h3 class=\"elementor-icon-box-title\">\n\t\t\t\t\t\t<span  >\n\t\t\t\t\t\t\tDo you want to reverse your purchase?\t\t\t\t\t\t<\/span>\n\t\t\t\t\t<\/h3>\n\t\t\t\t\n\t\t\t\t\t\t\t\t\t<p class=\"elementor-icon-box-description\">\n\t\t\t\t\t\tDon't worry! You can easily apply for it as long as you meet the following requirements:\t\t\t\t\t<\/p>\n\t\t\t\t\n\t\t\t<\/div>\n\t\t\t\n\t\t<\/div>\n\t\t\t\t\t\t<\/div>\n\t\t\t\t<\/div>\n\t\t\t\t<div class=\"elementor-element elementor-element-dcb568e enlace enlaceIcomoon cursor__show-arrow elementor-widget elementor-widget-button\" data-id=\"dcb568e\" data-element_type=\"widget\" data-e-type=\"widget\" data-widget_type=\"button.default\">\n\t\t\t\t<div class=\"elementor-widget-container\">\n\t\t\t\t\t\t\t\t\t<div class=\"elementor-button-wrapper\">\n\t\t\t\t\t<a class=\"elementor-button elementor-size-sm\" role=\"button\" id=\"abrirLegal3\">\n\t\t\t\t\t\t<span class=\"elementor-button-content-wrapper\">\n\t\t\t\t\t\t<span class=\"elementor-button-icon\">\n\t\t\t\t<svg xmlns=\"http:\/\/www.w3.org\/2000\/svg\" viewBox=\"0 0 24 24\" fill=\"currentColor\"><path d=\"M11.9995 0.499512L16.9492 5.44926L15.535 6.86347L12.9995 4.32794V9.99951H10.9995L10.9995 4.32794L8.46643 6.86099L7.05222 5.44678L11.9995 0.499512ZM10.9995 13.9995L10.9995 19.6704L8.46448 17.1353L7.05026 18.5496L12 23.4995L16.9497 18.5498L15.5355 17.1356L12.9995 19.6716V13.9995H10.9995Z\"><\/path><\/svg>\t\t\t<\/span>\n\t\t\t\t\t\t\t\t\t<span class=\"elementor-button-text\">Read details<\/span>\n\t\t\t\t\t<\/span>\n\t\t\t\t\t<\/a>\n\t\t\t\t<\/div>\n\t\t\t\t\t\t\t\t<\/div>\n\t\t\t\t<\/div>\n\t\t\t\t<\/div>\n\t\t\t\t<\/div>\n\t\t\t\t\t<\/div>\n\t\t\t\t<\/div>\n\t\t\t\t<\/div>\n\t\t\t\t<\/div>\n\t\t\t\t\t\t<\/div>\n\t\t\t\t<\/div>\n\t\t\t\t<\/div>\n\t\t\t\t<\/div>\n\t\t","protected":false},"excerpt":{"rendered":"<p>Tienda Inicia sesi\u00f3n Mi cuenta Clientes registrados Nuevos clientes Inicio Compras Direcci\u00f3n Datos del cliente Cerrar sesi\u00f3n Inicio Compras Direcci\u00f3n Datos del cliente Cerrar sesi\u00f3n Inicio Compras Direcci\u00f3n Datos del cliente Cerrar sesi\u00f3n Inicio Compras Direcci\u00f3n Datos del cliente Cerrar sesi\u00f3n Hola Sarai (\u00bfno eres Sarai? Cerrar sesi\u00f3n) Desde el escritorio de tu cuenta puedes [&hellip;]<\/p>\n","protected":false},"author":1,"featured_media":0,"parent":0,"menu_order":14,"comment_status":"closed","ping_status":"closed","template":"","meta":{"footnotes":""},"tipo-de-paginas":[],"class_list":["post-5517","page","type-page","status-publish","hentry"],"jetpack_sharing_enabled":true,"_links":{"self":[{"href":"https:\/\/graphica.pe\/en\/wp-json\/wp\/v2\/pages\/5517","targetHints":{"allow":["GET"]}}],"collection":[{"href":"https:\/\/graphica.pe\/en\/wp-json\/wp\/v2\/pages"}],"about":[{"href":"https:\/\/graphica.pe\/en\/wp-json\/wp\/v2\/types\/page"}],"author":[{"embeddable":true,"href":"https:\/\/graphica.pe\/en\/wp-json\/wp\/v2\/users\/1"}],"replies":[{"embeddable":true,"href":"https:\/\/graphica.pe\/en\/wp-json\/wp\/v2\/comments?post=5517"}],"version-history":[{"count":0,"href":"https:\/\/graphica.pe\/en\/wp-json\/wp\/v2\/pages\/5517\/revisions"}],"wp:attachment":[{"href":"https:\/\/graphica.pe\/en\/wp-json\/wp\/v2\/media?parent=5517"}],"wp:term":[{"taxonomy":"tipo-de-paginas","embeddable":true,"href":"https:\/\/graphica.pe\/en\/wp-json\/wp\/v2\/tipo-de-paginas?post=5517"}],"curies":[{"name":"wp","href":"https:\/\/api.w.org\/{rel}","templated":true}]}}